{"id":26191,"date":"2025-11-25T19:35:47","date_gmt":"2025-11-25T19:35:47","guid":{"rendered":"https:\/\/corporategolfxtra.ca\/politique-de-confidentialite\/"},"modified":"2026-02-11T18:54:37","modified_gmt":"2026-02-11T18:54:37","slug":"politique-de-confidentialite","status":"publish","type":"page","link":"https:\/\/corporategolfxtra.ca\/fr\/politique-de-confidentialite\/","title":{"rendered":"Politique de confidentialit\u00e9"},"content":{"rendered":"\t\t<div data-elementor-type=\"wp-page\" data-elementor-id=\"26191\" class=\"elementor elementor-26191 elementor-23339\" data-elementor-post-type=\"page\">\n\t\t\t\t<div class=\"elementor-element elementor-element-573414e e-flex e-con-boxed e-con e-parent\" data-id=\"573414e\" data-element_type=\"container\" data-e-type=\"container\" data-settings=\"{&quot;background_background&quot;:&quot;classic&quot;,&quot;shape_divider_bottom&quot;:&quot;wave-brush&quot;}\">\n\t\t\t\t\t<div class=\"e-con-inner\">\n\t\t\t\t<div class=\"elementor-shape elementor-shape-bottom\" aria-hidden=\"true\" data-negative=\"false\">\n\t\t\t<svg xmlns=\"http:\/\/www.w3.org\/2000\/svg\" viewBox=\"0 0 283.5 27.8\" preserveAspectRatio=\"none\">\n\t<path class=\"elementor-shape-fill\" d=\"M283.5,9.7c0,0-7.3,4.3-14,4.6c-6.8,0.3-12.6,0-20.9-1.5c-11.3-2-33.1-10.1-44.7-5.7\ts-12.1,4.6-18,7.4c-6.6,3.2-20,9.6-36.6,9.3C131.6,23.5,99.5,7.2,86.3,8c-1.4,0.1-6.6,0.8-10.5,2c-3.8,1.2-9.4,3.8-17,4.7\tc-3.2,0.4-8.3,1.1-14.2,0.9c-1.5-0.1-6.3-0.4-12-1.6c-5.7-1.2-11-3.1-15.8-3.7C6.5,9.2,0,10.8,0,10.8V0h283.5V9.7z M260.8,11.3\tc-0.7-1-2-0.4-4.3-0.4c-2.3,0-6.1-1.2-5.8-1.1c0.3,0.1,3.1,1.5,6,1.9C259.7,12.2,261.4,12.3,260.8,11.3z M242.4,8.6\tc0,0-2.4-0.2-5.6-0.9c-3.2-0.8-10.3-2.8-15.1-3.5c-8.2-1.1-15.8,0-15.1,0.1c0.8,0.1,9.6-0.6,17.6,1.1c3.3,0.7,9.3,2.2,12.4,2.7\tC239.9,8.7,242.4,8.6,242.4,8.6z M185.2,8.5c1.7-0.7-13.3,4.7-18.5,6.1c-2.1,0.6-6.2,1.6-10,2c-3.9,0.4-8.9,0.4-8.8,0.5\tc0,0.2,5.8,0.8,11.2,0c5.4-0.8,5.2-1.1,7.6-1.6C170.5,14.7,183.5,9.2,185.2,8.5z M199.1,6.9c0.2,0-0.8-0.4-4.8,1.1\tc-4,1.5-6.7,3.5-6.9,3.7c-0.2,0.1,3.5-1.8,6.6-3C197,7.5,199,6.9,199.1,6.9z M283,6c-0.1,0.1-1.9,1.1-4.8,2.5s-6.9,2.8-6.7,2.7\tc0.2,0,3.5-0.6,7.4-2.5C282.8,6.8,283.1,5.9,283,6z M31.3,11.6c0.1-0.2-1.9-0.2-4.5-1.2s-5.4-1.6-7.8-2C15,7.6,7.3,8.5,7.7,8.6\tC8,8.7,15.9,8.3,20.2,9.3c2.2,0.5,2.4,0.5,5.7,1.6S31.2,11.9,31.3,11.6z M73,9.2c0.4-0.1,3.5-1.6,8.4-2.6c4.9-1.1,8.9-0.5,8.9-0.8\tc0-0.3-1-0.9-6.2-0.3S72.6,9.3,73,9.2z M71.6,6.7C71.8,6.8,75,5.4,77.3,5c2.3-0.3,1.9-0.5,1.9-0.6c0-0.1-1.1-0.2-2.7,0.2\tC74.8,5.1,71.4,6.6,71.6,6.7z M93.6,4.4c0.1,0.2,3.5,0.8,5.6,1.8c2.1,1,1.8,0.6,1.9,0.5c0.1-0.1-0.8-0.8-2.4-1.3\tC97.1,4.8,93.5,4.2,93.6,4.4z M65.4,11.1c-0.1,0.3,0.3,0.5,1.9-0.2s2.6-1.3,2.2-1.2s-0.9,0.4-2.5,0.8C65.3,10.9,65.5,10.8,65.4,11.1\tz M34.5,12.4c-0.2,0,2.1,0.8,3.3,0.9c1.2,0.1,2,0.1,2-0.2c0-0.3-0.1-0.5-1.6-0.4C36.6,12.8,34.7,12.4,34.5,12.4z M152.2,21.1\tc-0.1,0.1-2.4-0.3-7.5-0.3c-5,0-13.6-2.4-17.2-3.5c-3.6-1.1,10,3.9,16.5,4.1C150.5,21.6,152.3,21,152.2,21.1z\"\/>\n\t<path class=\"elementor-shape-fill\" d=\"M269.6,18c-0.1-0.1-4.6,0.3-7.2,0c-7.3-0.7-17-3.2-16.6-2.9c0.4,0.3,13.7,3.1,17,3.3\tC267.7,18.8,269.7,18,269.6,18z\"\/>\n\t<path class=\"elementor-shape-fill\" d=\"M227.4,9.8c-0.2-0.1-4.5-1-9.5-1.2c-5-0.2-12.7,0.6-12.3,0.5c0.3-0.1,5.9-1.8,13.3-1.2\tS227.6,9.9,227.4,9.8z\"\/>\n\t<path class=\"elementor-shape-fill\" d=\"M204.5,13.4c-0.1-0.1,2-1,3.2-1.1c1.2-0.1,2,0,2,0.3c0,0.3-0.1,0.5-1.6,0.4\tC206.4,12.9,204.6,13.5,204.5,13.4z\"\/>\n\t<path class=\"elementor-shape-fill\" d=\"M201,10.6c0-0.1-4.4,1.2-6.3,2.2c-1.9,0.9-6.2,3.1-6.1,3.1c0.1,0.1,4.2-1.6,6.3-2.6\tS201,10.7,201,10.6z\"\/>\n\t<path class=\"elementor-shape-fill\" d=\"M154.5,26.7c-0.1-0.1-4.6,0.3-7.2,0c-7.3-0.7-17-3.2-16.6-2.9c0.4,0.3,13.7,3.1,17,3.3\tC152.6,27.5,154.6,26.8,154.5,26.7z\"\/>\n\t<path class=\"elementor-shape-fill\" d=\"M41.9,19.3c0,0,1.2-0.3,2.9-0.1c1.7,0.2,5.8,0.9,8.2,0.7c4.2-0.4,7.4-2.7,7-2.6\tc-0.4,0-4.3,2.2-8.6,1.9c-1.8-0.1-5.1-0.5-6.7-0.4S41.9,19.3,41.9,19.3z\"\/>\n\t<path class=\"elementor-shape-fill\" d=\"M75.5,12.6c0.2,0.1,2-0.8,4.3-1.1c2.3-0.2,2.1-0.3,2.1-0.5c0-0.1-1.8-0.4-3.4,0\tC76.9,11.5,75.3,12.5,75.5,12.6z\"\/>\n\t<path class=\"elementor-shape-fill\" d=\"M15.6,13.2c0-0.1,4.3,0,6.7,0.5c2.4,0.5,5,1.9,5,2c0,0.1-2.7-0.8-5.1-1.4\tC19.9,13.7,15.7,13.3,15.6,13.2z\"\/>\n<\/svg>\t\t<\/div>\n\t\t<div class=\"elementor-element elementor-element-48338b1 e-con-full e-flex e-con e-child\" data-id=\"48338b1\" data-element_type=\"container\" data-e-type=\"container\">\n\t\t\t\t<\/div>\n\t\t\t\t\t<\/div>\n\t\t\t\t<\/div>\n\t\t<div class=\"elementor-element elementor-element-247fd0e e-flex e-con-boxed e-con e-parent\" data-id=\"247fd0e\" data-element_type=\"container\" data-e-type=\"container\" data-settings=\"{&quot;shape_divider_bottom&quot;:&quot;wave-brush&quot;}\">\n\t\t\t\t\t<div class=\"e-con-inner\">\n\t\t\t\t<div class=\"elementor-shape elementor-shape-bottom\" aria-hidden=\"true\" data-negative=\"false\">\n\t\t\t<svg xmlns=\"http:\/\/www.w3.org\/2000\/svg\" viewBox=\"0 0 283.5 27.8\" preserveAspectRatio=\"none\">\n\t<path class=\"elementor-shape-fill\" d=\"M283.5,9.7c0,0-7.3,4.3-14,4.6c-6.8,0.3-12.6,0-20.9-1.5c-11.3-2-33.1-10.1-44.7-5.7\ts-12.1,4.6-18,7.4c-6.6,3.2-20,9.6-36.6,9.3C131.6,23.5,99.5,7.2,86.3,8c-1.4,0.1-6.6,0.8-10.5,2c-3.8,1.2-9.4,3.8-17,4.7\tc-3.2,0.4-8.3,1.1-14.2,0.9c-1.5-0.1-6.3-0.4-12-1.6c-5.7-1.2-11-3.1-15.8-3.7C6.5,9.2,0,10.8,0,10.8V0h283.5V9.7z M260.8,11.3\tc-0.7-1-2-0.4-4.3-0.4c-2.3,0-6.1-1.2-5.8-1.1c0.3,0.1,3.1,1.5,6,1.9C259.7,12.2,261.4,12.3,260.8,11.3z M242.4,8.6\tc0,0-2.4-0.2-5.6-0.9c-3.2-0.8-10.3-2.8-15.1-3.5c-8.2-1.1-15.8,0-15.1,0.1c0.8,0.1,9.6-0.6,17.6,1.1c3.3,0.7,9.3,2.2,12.4,2.7\tC239.9,8.7,242.4,8.6,242.4,8.6z M185.2,8.5c1.7-0.7-13.3,4.7-18.5,6.1c-2.1,0.6-6.2,1.6-10,2c-3.9,0.4-8.9,0.4-8.8,0.5\tc0,0.2,5.8,0.8,11.2,0c5.4-0.8,5.2-1.1,7.6-1.6C170.5,14.7,183.5,9.2,185.2,8.5z M199.1,6.9c0.2,0-0.8-0.4-4.8,1.1\tc-4,1.5-6.7,3.5-6.9,3.7c-0.2,0.1,3.5-1.8,6.6-3C197,7.5,199,6.9,199.1,6.9z M283,6c-0.1,0.1-1.9,1.1-4.8,2.5s-6.9,2.8-6.7,2.7\tc0.2,0,3.5-0.6,7.4-2.5C282.8,6.8,283.1,5.9,283,6z M31.3,11.6c0.1-0.2-1.9-0.2-4.5-1.2s-5.4-1.6-7.8-2C15,7.6,7.3,8.5,7.7,8.6\tC8,8.7,15.9,8.3,20.2,9.3c2.2,0.5,2.4,0.5,5.7,1.6S31.2,11.9,31.3,11.6z M73,9.2c0.4-0.1,3.5-1.6,8.4-2.6c4.9-1.1,8.9-0.5,8.9-0.8\tc0-0.3-1-0.9-6.2-0.3S72.6,9.3,73,9.2z M71.6,6.7C71.8,6.8,75,5.4,77.3,5c2.3-0.3,1.9-0.5,1.9-0.6c0-0.1-1.1-0.2-2.7,0.2\tC74.8,5.1,71.4,6.6,71.6,6.7z M93.6,4.4c0.1,0.2,3.5,0.8,5.6,1.8c2.1,1,1.8,0.6,1.9,0.5c0.1-0.1-0.8-0.8-2.4-1.3\tC97.1,4.8,93.5,4.2,93.6,4.4z M65.4,11.1c-0.1,0.3,0.3,0.5,1.9-0.2s2.6-1.3,2.2-1.2s-0.9,0.4-2.5,0.8C65.3,10.9,65.5,10.8,65.4,11.1\tz M34.5,12.4c-0.2,0,2.1,0.8,3.3,0.9c1.2,0.1,2,0.1,2-0.2c0-0.3-0.1-0.5-1.6-0.4C36.6,12.8,34.7,12.4,34.5,12.4z M152.2,21.1\tc-0.1,0.1-2.4-0.3-7.5-0.3c-5,0-13.6-2.4-17.2-3.5c-3.6-1.1,10,3.9,16.5,4.1C150.5,21.6,152.3,21,152.2,21.1z\"\/>\n\t<path class=\"elementor-shape-fill\" d=\"M269.6,18c-0.1-0.1-4.6,0.3-7.2,0c-7.3-0.7-17-3.2-16.6-2.9c0.4,0.3,13.7,3.1,17,3.3\tC267.7,18.8,269.7,18,269.6,18z\"\/>\n\t<path class=\"elementor-shape-fill\" d=\"M227.4,9.8c-0.2-0.1-4.5-1-9.5-1.2c-5-0.2-12.7,0.6-12.3,0.5c0.3-0.1,5.9-1.8,13.3-1.2\tS227.6,9.9,227.4,9.8z\"\/>\n\t<path class=\"elementor-shape-fill\" d=\"M204.5,13.4c-0.1-0.1,2-1,3.2-1.1c1.2-0.1,2,0,2,0.3c0,0.3-0.1,0.5-1.6,0.4\tC206.4,12.9,204.6,13.5,204.5,13.4z\"\/>\n\t<path class=\"elementor-shape-fill\" d=\"M201,10.6c0-0.1-4.4,1.2-6.3,2.2c-1.9,0.9-6.2,3.1-6.1,3.1c0.1,0.1,4.2-1.6,6.3-2.6\tS201,10.7,201,10.6z\"\/>\n\t<path class=\"elementor-shape-fill\" d=\"M154.5,26.7c-0.1-0.1-4.6,0.3-7.2,0c-7.3-0.7-17-3.2-16.6-2.9c0.4,0.3,13.7,3.1,17,3.3\tC152.6,27.5,154.6,26.8,154.5,26.7z\"\/>\n\t<path class=\"elementor-shape-fill\" d=\"M41.9,19.3c0,0,1.2-0.3,2.9-0.1c1.7,0.2,5.8,0.9,8.2,0.7c4.2-0.4,7.4-2.7,7-2.6\tc-0.4,0-4.3,2.2-8.6,1.9c-1.8-0.1-5.1-0.5-6.7-0.4S41.9,19.3,41.9,19.3z\"\/>\n\t<path class=\"elementor-shape-fill\" d=\"M75.5,12.6c0.2,0.1,2-0.8,4.3-1.1c2.3-0.2,2.1-0.3,2.1-0.5c0-0.1-1.8-0.4-3.4,0\tC76.9,11.5,75.3,12.5,75.5,12.6z\"\/>\n\t<path class=\"elementor-shape-fill\" d=\"M15.6,13.2c0-0.1,4.3,0,6.7,0.5c2.4,0.5,5,1.9,5,2c0,0.1-2.7-0.8-5.1-1.4\tC19.9,13.7,15.7,13.3,15.6,13.2z\"\/>\n<\/svg>\t\t<\/div>\n\t\t\t\t<div class=\"elementor-element elementor-element-e7798d6 elementor-widget elementor-widget-heading\" data-id=\"e7798d6\" data-element_type=\"widget\" data-e-type=\"widget\" data-widget_type=\"heading.default\">\n\t\t\t\t\t<h2 class=\"elementor-heading-title elementor-size-default\">Politique de confidentialit\u00e9 (Loi 25 \u2013 Qu\u00e9bec)<\/h2>\t\t\t\t<\/div>\n\t\t\t\t<div class=\"elementor-element elementor-element-595e65a elementor-widget elementor-widget-text-editor\" data-id=\"595e65a\" data-element_type=\"widget\" data-e-type=\"widget\" data-widget_type=\"text-editor.default\">\n\t\t\t\t\t\t\t\t\t<p><span style=\"font-weight: 400;\">Derni\u00e8re mise \u00e0 jour : 25 novembre 2025<\/span><\/p><p>Chez CorporateGolfXtra, nous prenons la protection de vos renseignements personnels tr\u00e8s au s\u00e9rieux. La pr\u00e9sente politique de confidentialit\u00e9 explique, en termes clairs, quels renseignements nous recueillons, pourquoi nous les recueillons, comment ils sont utilis\u00e9s et quels sont vos droits en vertu de la Loi 25.<\/p><p><span style=\"font-weight: 400;\">En utilisant notre site web et nos services, vous acceptez les pratiques d\u00e9crites ci-dessous.<\/span><\/p><h5><b>1. Renseignements personnels recueillis<\/b><\/h5><p><span style=\"font-weight: 400;\">Nous pouvons recueillir les renseignements personnels suivants :<\/span><\/p><h6><b>1.1 Renseignements fournis par l\u2019utilisateur<\/b><\/h6><ul><li style=\"font-weight: 400;\" aria-level=\"1\"><span style=\"font-weight: 400;\">Nom et Pr\u00e9nom<\/span><\/li><li style=\"font-weight: 400;\" aria-level=\"1\"><span style=\"font-weight: 400;\">Courriel<\/span><\/li><li style=\"font-weight: 400;\" aria-level=\"1\"><span style=\"font-weight: 400;\">Num\u00e9ro de t\u00e9l\u00e9phone<\/span><\/li><li style=\"font-weight: 400;\" aria-level=\"1\"><span style=\"font-weight: 400;\">Adresse postale (le cas \u00e9ch\u00e9ant)<\/span><\/li><li style=\"font-weight: 400;\" aria-level=\"1\"><span style=\"font-weight: 400;\">Renseignements de paiement (trait\u00e9s de fa\u00e7on s\u00e9curis\u00e9e par Stripe)<\/span><\/li><li style=\"font-weight: 400;\" aria-level=\"1\"><span style=\"font-weight: 400;\">D\u00e9tails du compte et pr\u00e9f\u00e9rences<\/span><\/li><li style=\"font-weight: 400;\" aria-level=\"1\"><span style=\"font-weight: 400;\">Renseignements transmis par l\u2019entremise de formulaires (contact, infolettre, demande de r\u00e9servation, etc.)<\/span><\/li><\/ul><h6><b>1.2 Renseignements recueillis automatiquement<\/b><\/h6><ul><li style=\"font-weight: 400;\" aria-level=\"1\"><span style=\"font-weight: 400;\">IP address<\/span><\/li><li style=\"font-weight: 400;\" aria-level=\"1\"><span style=\"font-weight: 400;\">Type d\u2019appareil et navigateur<\/span><\/li><li style=\"font-weight: 400;\" aria-level=\"1\"><span style=\"font-weight: 400;\">Donn\u00e9es de journalisation et de navigation<\/span><\/li><li style=\"font-weight: 400;\" aria-level=\"1\"><span style=\"font-weight: 400;\">T\u00e9moins (cookies) et technologies de suivi (Google Analytics, Meta Pixel, etc.)<\/span><\/li><\/ul><h5><b>Finalit\u00e9s de la collecte des renseignements<\/b><\/h5><p><span style=\"font-weight: 400;\">Nous recueillons des renseignements personnels pour les raisons suivantes :<\/span><\/p><ul><li style=\"font-weight: 400;\" aria-level=\"1\"><span style=\"font-weight: 400;\">Gestion des comptes et des r\u00e9servations<\/span><\/li><li style=\"font-weight: 400;\" aria-level=\"1\"><span style=\"font-weight: 400;\">Traitement des paiements<\/span><\/li><li style=\"font-weight: 400;\" aria-level=\"1\"><span style=\"font-weight: 400;\">Prestation de nos services (r\u00e9servations de golf, communications avec les membres, etc.)<\/span><\/li><li style=\"font-weight: 400;\" aria-level=\"1\"><span style=\"font-weight: 400;\">Am\u00e9lioration de l\u2019exp\u00e9rience utilisateur<\/span><\/li><li style=\"font-weight: 400;\" aria-level=\"1\"><span style=\"font-weight: 400;\">Assurer la s\u00e9curit\u00e9 du site web<\/span><\/li><li style=\"font-weight: 400;\" aria-level=\"1\"><span style=\"font-weight: 400;\">Envoi d\u2019infolettres et de communications marketing (avec consentement)<\/span><\/li><li style=\"font-weight: 400;\" aria-level=\"1\"><span style=\"font-weight: 400;\">Analyse de la performance de la plateforme<\/span><\/li><\/ul><h5><b>3. Consentement<\/b><\/h5><p>Nous obtenons un consentement clair et explicite lors de la collecte de renseignements personnels, notamment par :<\/p><ul><li style=\"font-weight: 400;\" aria-level=\"1\"><span style=\"font-weight: 400;\">Cases \u00e0 cocher obligatoires dans les formulaires<\/span><\/li><li style=\"font-weight: 400;\" aria-level=\"1\"><span style=\"font-weight: 400;\">Banni\u00e8res de consentement aux t\u00e9moins (cookies)<\/span><\/li><li style=\"font-weight: 400;\" aria-level=\"1\"><span style=\"font-weight: 400;\">Cr\u00e9ation de compte<\/span><\/li><li style=\"font-weight: 400;\" aria-level=\"1\"><span style=\"font-weight: 400;\">Paiements ou r\u00e9servations<\/span><\/li><\/ul><p>Vous pouvez retirer votre consentement en tout temps en communiquant avec nous \u00e0 l\u2019adresse suivante : info@golfxtra.ca<\/p><h5><b>4. Utilisation et communication des renseignements personnels<\/b><\/h5><p>Nous ne vendons jamais de renseignements personnels.<\/p><p><span style=\"font-weight: 400;\">Nous pouvons communiquer certains renseignements \u00e0 des fournisseurs de services de confiance qui nous aident \u00e0 offrir nos services, notamment :<\/span><\/p><ul><li style=\"font-weight: 400;\" aria-level=\"1\"><span style=\"font-weight: 400;\">Fournisseurs de services de paiement (Stripe)<\/span><\/li><li style=\"font-weight: 400;\" aria-level=\"1\"><span style=\"font-weight: 400;\">Marketing tools (MailerLite, Meta Ads, Google)<\/span><\/li><li style=\"font-weight: 400;\" aria-level=\"1\"><span style=\"font-weight: 400;\">Outils marketing (MailerLite, Meta Ads, Google)<\/span><\/li><li style=\"font-weight: 400;\" aria-level=\"1\"><span style=\"font-weight: 400;\">Web hosting and security providers (servers, CDN, etc.)<\/span><\/li><\/ul><p><span style=\"font-weight: 400;\">Ces fournisseurs respectent des normes strictes en mati\u00e8re de confidentialit\u00e9 et de s\u00e9curit\u00e9.<\/span><\/p><h5><b>5. H\u00e9bergement et traitement des donn\u00e9es<\/b><\/h5><p><span style=\"font-weight: 400;\">Les donn\u00e9es peuvent \u00eatre h\u00e9berg\u00e9es dans :<\/span><\/p><ul><li style=\"font-weight: 400;\" aria-level=\"1\"><span style=\"font-weight: 400;\">Canada<\/span><\/li><li style=\"font-weight: 400;\" aria-level=\"1\"><span style=\"font-weight: 400;\">Les \u00c9tats-Unis<\/span><\/li><li style=\"font-weight: 400;\" aria-level=\"1\"><span style=\"font-weight: 400;\">L&rsquo;Union europ\u00e9enne<\/span><\/li><\/ul><p><span style=\"font-weight: 400;\">en fonction des outils technologiques utilis\u00e9s (Stripe, Google, Amazon AWS, etc.).<\/span><\/p><p><span style=\"font-weight: 400;\">Nous veillons \u00e0 ce que tous les fournisseurs de services respectent des normes de s\u00e9curit\u00e9 conformes \u00e0 la loi 25.<\/span><\/p><h5><b>6. Mesures de s\u00e9curit\u00e9<\/b><\/h5><p><span style=\"font-weight: 400;\">Nous mettons en \u0153uvre les mesures de s\u00e9curit\u00e9 suivantes :<\/span><\/p><ul><li style=\"font-weight: 400;\" aria-level=\"1\"><span style=\"font-weight: 400;\">Acc\u00e8s limit\u00e9 au personnel autoris\u00e9<\/span><\/li><li style=\"font-weight: 400;\" aria-level=\"1\"><span style=\"font-weight: 400;\">Mots de passe forts et authentification multifactorielle<\/span><\/li><li style=\"font-weight: 400;\" aria-level=\"1\"><span style=\"font-weight: 400;\">Transmission crypt\u00e9e (HTTPS\/SSL)<\/span><\/li><li style=\"font-weight: 400;\" aria-level=\"1\"><span style=\"font-weight: 400;\">Sauvegardes s\u00e9curis\u00e9es<\/span><\/li><li style=\"font-weight: 400;\" aria-level=\"1\"><span style=\"font-weight: 400;\">Surveillance et enregistrement des acc\u00e8s<\/span><\/li><li style=\"font-weight: 400;\" aria-level=\"1\"><span style=\"font-weight: 400;\">\u00c9valuations r\u00e9guli\u00e8res du syst\u00e8me<\/span><\/li><\/ul><h5><b>7. Conservation des donn\u00e9es<\/b><\/h5><p><span style=\"font-weight: 400;\">Nous conservons les informations personnelles <\/span><b>aussi longtemps que n\u00e9cessaire<\/b><span style=\"font-weight: 400;\"> pour :<\/span><\/p><ul><li style=\"font-weight: 400;\" aria-level=\"1\"><span style=\"font-weight: 400;\">Fournir nos services<\/span><\/li><li style=\"font-weight: 400;\" aria-level=\"1\"><span style=\"font-weight: 400;\">Respecter les obligations l\u00e9gales<\/span><\/li><li style=\"font-weight: 400;\" aria-level=\"1\"><span style=\"font-weight: 400;\">Pr\u00e9venir la fraude<\/span><\/li><\/ul><p><span style=\"font-weight: 400;\">Lorsque les informations ne sont plus n\u00e9cessaires, elles sont supprim\u00e9es ou rendues anonymes.<\/span><\/p><h5><b>8. Droits des utilisateurs (loi 25)<\/b><\/h5><p><span style=\"font-weight: 400;\">Vous disposez des droits suivants concernant vos informations personnelles :<\/span><\/p><h5><b>8.1 Droit d&rsquo;acc\u00e8s<\/b><\/h5><p><span style=\"font-weight: 400;\">Demander les informations que nous d\u00e9tenons \u00e0 votre sujet.<\/span><\/p><h5><b>8.2 Droit de rectification<\/b><\/h5><p><span style=\"font-weight: 400;\">Demander la correction de donn\u00e9es inexactes ou incompl\u00e8tes.<\/span><\/p><h5><b>8.3 Droit de suppression<\/b><\/h5><p><span style=\"font-weight: 400;\">Demander la suppression de vos informations personnelles lorsque la loi l&rsquo;autorise.<\/span><\/p><h5><b>8.4 Retrait du consentement<\/b><\/h5><p><span style=\"font-weight: 400;\">Retirer \u00e0 tout moment votre consentement au traitement des donn\u00e9es.<\/span><\/p><h5><b>8.5 Portabilit\u00e9 des donn\u00e9es (le cas \u00e9ch\u00e9ant)<\/b><\/h5><p><span style=\"font-weight: 400;\">Recevez vos donn\u00e9es dans un format technologique lisible.<\/span><\/p><p><span style=\"font-weight: 400;\">Pour exercer l&rsquo;un de ces droits : <\/span><b>info@golfxtra.ca<\/b><\/p><h5><b>9. Cookies et technologies de suivi<\/b><\/h5><p><span style=\"font-weight: 400;\">Notre site web utilise des cookies pour :<\/span><\/p><ul><li style=\"font-weight: 400;\" aria-level=\"1\"><span style=\"font-weight: 400;\">Veiller au bon fonctionnement du site<\/span><\/li><li style=\"font-weight: 400;\" aria-level=\"1\"><span style=\"font-weight: 400;\">Mesurer les performances<\/span><\/li><li style=\"font-weight: 400;\" aria-level=\"1\"><span style=\"font-weight: 400;\">Personnaliser le contenu<\/span><\/li><li style=\"font-weight: 400;\" aria-level=\"1\"><span style=\"font-weight: 400;\">Diffuser des annonces cibl\u00e9es (Google, Meta)<\/span><\/li><\/ul><p><span style=\"font-weight: 400;\">Une banni\u00e8re de cookies permet aux utilisateurs d&rsquo;accepter, de refuser ou de personnaliser leurs pr\u00e9f\u00e9rences.<\/span><\/p><h5><b>10. Incidents li\u00e9s \u00e0 la protection de la vie priv\u00e9e<\/b><\/h5><p><span style=\"font-weight: 400;\">En cas d&rsquo;incident concernant vos donn\u00e9es personnelles, nous nous engageons \u00e0.. :<\/span><\/p><ol><li style=\"font-weight: 400;\" aria-level=\"1\"><span style=\"font-weight: 400;\">R\u00e9duire les risques imm\u00e9diats<\/span><\/li><li style=\"font-weight: 400;\" aria-level=\"1\"><span style=\"font-weight: 400;\">Notification \u00e0 la Commission d&rsquo;acc\u00e8s \u00e0 l&rsquo;information du Qu\u00e9bec (CAI)<\/span><\/li><li style=\"font-weight: 400;\" aria-level=\"1\"><span style=\"font-weight: 400;\">Notifier les personnes concern\u00e9es en cas de risque grave de pr\u00e9judice<\/span><\/li><li style=\"font-weight: 400;\" aria-level=\"1\"><span style=\"font-weight: 400;\">Documenter l&rsquo;incident dans notre registre interne des incidents<\/span><\/li><\/ol><h5><b>Personne en charge des informations personnelles (PRP)<\/b><\/h5><p><span style=\"font-weight: 400;\">Conform\u00e9ment \u00e0 la loi 25, GolfXtra. d\u00e9signe la personne suivante comme responsable officiel de la protection de la vie priv\u00e9e : <\/span><\/p><p><b>Nom :<\/b><span style=\"font-weight: 400;\"> France Charette<\/span><span style=\"font-weight: 400;\"><br><\/span> <b>Titre :<\/b><span style=\"font-weight: 400;\"> Copropri\u00e9taire, GolfXtra<\/span><span style=\"font-weight: 400;\"><br><\/span> <b>Courriel :<\/b><span style=\"font-weight: 400;\"> info@golfxtra.ca<\/span><\/p><p><span style=\"font-weight: 400;\">Toutes les demandes relatives \u00e0 la protection de la vie priv\u00e9e doivent \u00eatre adress\u00e9es \u00e0 cette personne.<\/span><\/p><h5><b>11. Mises \u00e0 jour des politiques<\/b><\/h5><p><span style=\"font-weight: 400;\">Nous pouvons mettre \u00e0 jour cette politique si n\u00e9cessaire.<\/span><span style=\"font-weight: 400;\"><br><\/span><span style=\"font-weight: 400;\">  La date de la derni\u00e8re mise \u00e0 jour sera toujours indiqu\u00e9e en haut de cette page.<\/span><\/p><h5><b>Contact<\/b><\/h5><p><span style=\"font-weight: 400;\">Pour toute question concernant cette politique ou vos informations personnelles :<\/span><span style=\"font-weight: 400;\"><br><\/span><span style=\"font-weight: 400;\"> \ud83d\udce9 <\/span><b>info@golfxtra.ca<\/b><\/p>\t\t\t\t\t\t\t\t<\/div>\n\t\t\t\t\t<\/div>\n\t\t\t\t<\/div>\n\t\t\t\t<\/div>\n\t\t","protected":false},"excerpt":{"rendered":"<p>Politique de confidentialit\u00e9 (Loi 25 \u2013 Qu\u00e9bec) Derni\u00e8re mise \u00e0 jour : 25 novembre 2025 Chez CorporateGolfXtra, nous prenons la protection de vos renseignements personnels tr\u00e8s au s\u00e9rieux. La pr\u00e9sente politique de confidentialit\u00e9 explique, en termes clairs, quels renseignements nous recueillons, pourquoi nous les recueillons, comment ils sont utilis\u00e9s et quels sont vos droits en [&hellip;]<\/p>\n","protected":false},"author":4,"featured_media":0,"parent":0,"menu_order":0,"comment_status":"closed","ping_status":"closed","template":"elementor_header_footer","meta":{"footnotes":""},"class_list":["post-26191","page","type-page","status-publish","hentry"],"_links":{"self":[{"href":"https:\/\/corporategolfxtra.ca\/fr\/wp-json\/wp\/v2\/pages\/26191","targetHints":{"allow":["GET"]}}],"collection":[{"href":"https:\/\/corporategolfxtra.ca\/fr\/wp-json\/wp\/v2\/pages"}],"about":[{"href":"https:\/\/corporategolfxtra.ca\/fr\/wp-json\/wp\/v2\/types\/page"}],"author":[{"embeddable":true,"href":"https:\/\/corporategolfxtra.ca\/fr\/wp-json\/wp\/v2\/users\/4"}],"replies":[{"embeddable":true,"href":"https:\/\/corporategolfxtra.ca\/fr\/wp-json\/wp\/v2\/comments?post=26191"}],"version-history":[{"count":0,"href":"https:\/\/corporategolfxtra.ca\/fr\/wp-json\/wp\/v2\/pages\/26191\/revisions"}],"wp:attachment":[{"href":"https:\/\/corporategolfxtra.ca\/fr\/wp-json\/wp\/v2\/media?parent=26191"}],"curies":[{"name":"wp","href":"https:\/\/api.w.org\/{rel}","templated":true}]}}